{"id":148,"date":"2025-08-05T13:56:59","date_gmt":"2025-08-05T13:56:59","guid":{"rendered":"https:\/\/www.anssihyvarinen.fi\/?page_id=148"},"modified":"2025-08-05T13:57:00","modified_gmt":"2025-08-05T13:57:00","slug":"gigothop-saaga","status":"publish","type":"page","link":"https:\/\/www.anssihyvarinen.fi\/?page_id=148","title":{"rendered":"Gigothop Saaga"},"content":{"rendered":"\n<figure class=\"wp-block-image size-full\"><img loading=\"lazy\" decoding=\"async\" width=\"1200\" height=\"537\" src=\"https:\/\/www.anssihyvarinen.fi\/wp-content\/uploads\/2025\/07\/Gigothop-Saaga-logo.png\" alt=\"Gigothop Saaga logo\" class=\"wp-image-147\" srcset=\"https:\/\/www.anssihyvarinen.fi\/wp-content\/uploads\/2025\/07\/Gigothop-Saaga-logo.png 1200w, https:\/\/www.anssihyvarinen.fi\/wp-content\/uploads\/2025\/07\/Gigothop-Saaga-logo-300x134.png 300w, https:\/\/www.anssihyvarinen.fi\/wp-content\/uploads\/2025\/07\/Gigothop-Saaga-logo-1024x458.png 1024w, https:\/\/www.anssihyvarinen.fi\/wp-content\/uploads\/2025\/07\/Gigothop-Saaga-logo-768x344.png 768w\" sizes=\"auto, (max-width: 1200px) 100vw, 1200px\" \/><\/figure>\n\n\n\n<p>Toinen aika ja paikka. Ihmisten, haltioiden, \u00f6rkkien, k\u00e4\u00e4pi\u00f6iden ja paholaisten pelikentt\u00e4. Miekan, magian, tuliaseiden ja h\u00f6yrylaivojen aikakausi. Menneisyyden magia ja &#8221;viktoriaanisen ajan&#8221; mekaaniset monstrositeetit kohtaavat.<\/p>\n","protected":false},"excerpt":{"rendered":"<p>Toinen aika ja paikka. Ihmisten, haltioiden, \u00f6rkkien, k\u00e4\u00e4pi\u00f6iden ja paholaisten pelikentt\u00e4. Miekan, magian, tuliaseiden ja h\u00f6yrylaivojen aikakausi. Menneisyyden magia ja &#8221;viktoriaanisen ajan&#8221; mekaaniset monstrositeetit kohtaavat.<\/p>\n","protected":false},"author":1,"featured_media":0,"parent":0,"menu_order":0,"comment_status":"closed","ping_status":"closed","template":"","meta":{"footnotes":""},"class_list":["post-148","page","type-page","status-publish","hentry"],"_links":{"self":[{"href":"https:\/\/www.anssihyvarinen.fi\/index.php?rest_route=\/wp\/v2\/pages\/148","targetHints":{"allow":["GET"]}}],"collection":[{"href":"https:\/\/www.anssihyvarinen.fi\/index.php?rest_route=\/wp\/v2\/pages"}],"about":[{"href":"https:\/\/www.anssihyvarinen.fi\/index.php?rest_route=\/wp\/v2\/types\/page"}],"author":[{"embeddable":true,"href":"https:\/\/www.anssihyvarinen.fi\/index.php?rest_route=\/wp\/v2\/users\/1"}],"replies":[{"embeddable":true,"href":"https:\/\/www.anssihyvarinen.fi\/index.php?rest_route=%2Fwp%2Fv2%2Fcomments&post=148"}],"version-history":[{"count":5,"href":"https:\/\/www.anssihyvarinen.fi\/index.php?rest_route=\/wp\/v2\/pages\/148\/revisions"}],"predecessor-version":[{"id":197,"href":"https:\/\/www.anssihyvarinen.fi\/index.php?rest_route=\/wp\/v2\/pages\/148\/revisions\/197"}],"wp:attachment":[{"href":"https:\/\/www.anssihyvarinen.fi\/index.php?rest_route=%2Fwp%2Fv2%2Fmedia&parent=148"}],"curies":[{"name":"wp","href":"https:\/\/api.w.org\/{rel}","templated":true}]}}